{"id":3926,"date":"2025-11-06T08:46:25","date_gmt":"2025-11-06T08:46:25","guid":{"rendered":"https:\/\/oupi.com\/avatar\/"},"modified":"2025-11-21T16:42:09","modified_gmt":"2025-11-21T16:42:09","slug":"avatar","status":"publish","type":"page","link":"https:\/\/old.oupi.com\/en\/avatar\/","title":{"rendered":"Avatar"},"content":{"rendered":"\t\t<div data-elementor-type=\"wp-page\" data-elementor-id=\"3926\" class=\"elementor elementor-3926 elementor-1068\">\n\t\t\t\t<div class=\"lqd-css-sticky elementor-element elementor-element-80e252a e-flex e-con-boxed e-con e-parent\" style=\"top: auto; top: 0px;\" data-id=\"80e252a\" data-element_type=\"container\" data-settings=\"{&quot;background_background&quot;:&quot;classic&quot;}\">\n\t\t\t\t\t<div class=\"e-con-inner\">\n\t\t<div data-custom-animations=\"true\" data-ca-options=\"{&quot;addChildTimelines&quot;:false,&quot;trigger&quot;:&quot;firstChild&quot;,&quot;animationTarget&quot;:&quot;:scope  &gt; .elementor-element:not(.lqd-exclude-parent-ca) &gt; .elementor-widget-container, :scope  &gt; .elementor-widget-hub_fancy_heading .lqd-split-lines .lqd-lines .split-inner, :scope  &gt; .elementor-widget-hub_fancy_heading .lqd-split-words .lqd-words .split-inner, :scope  &gt; .elementor-widget-hub_fancy_heading .lqd-split-chars .lqd-chars .split-inner, :scope  &gt; .elementor-widget-hub_fancy_heading .lqd-adv-txt-fig, :scope  &gt; .elementor-widget-ld_custom_menu .lqd-fancy-menu &gt; ul &gt; li, :scope .e-con:not([data-parallax]) .elementor-element &gt; .elementor-widget-container, :scope .e-con:not([data-parallax]) .elementor-widget-hub_fancy_heading .lqd-split-lines .lqd-lines .split-inner, :scope .e-con:not([data-parallax]) .elementor-widget-hub_fancy_heading .lqd-split-words .lqd-words .split-inner, :scope .e-con:not([data-parallax]) .elementor-widget-hub_fancy_heading .lqd-split-chars .lqd-chars .split-inner, :scope .e-con:not([data-parallax]) .elementor-widget-ld_custom_menu .lqd-fancy-menu &gt; ul &gt; li&quot;,&quot;ease&quot;:[&quot;power4.out&quot;],&quot;initValues&quot;:{&quot;y&quot;:&quot;30px&quot;,&quot;rotationY&quot;:40,&quot;opacity&quot;:0,&quot;transformOrigin&quot;:&quot;50% 50% 0px&quot;},&quot;animations&quot;:{&quot;y&quot;:&quot;0px&quot;,&quot;rotationY&quot;:0,&quot;opacity&quot;:1,&quot;transformOrigin&quot;:&quot;50% 50% 0px&quot;}}\" class=\"elementor-element elementor-element-c65d326 e-con-full e-flex e-con e-child\" data-id=\"c65d326\" data-element_type=\"container\">\n\t\t<div class=\"elementor-element elementor-element-689dc7b e-con-full e-flex e-con e-child\" data-id=\"689dc7b\" data-element_type=\"container\">\n\t\t\t\t<div class=\"elementor-element elementor-element-79ea17a elementor-align-center elementor-widget elementor-widget-ld_button\" data-id=\"79ea17a\" data-element_type=\"widget\" data-widget_type=\"ld_button.default\">\n\t\t\t\t<div class=\"elementor-widget-container\">\n\t\t\t\t\t\n\t\t\t<a\n\t\t\t\thref=\"#\"class=\"elementor-button btn btn-naked btn-icon-right btn-icon-circle btn-icon-custom-size btn-icon-shaped btn-icon-solid btn-no-label\"\t\t\t>\n\t\t\t\t\t\t\t\t\t\t\t\t\t\t<span class=\"btn-icon\">\n\t\t\t\t\t\t\t<svg xmlns=\"http:\/\/www.w3.org\/2000\/svg\" width=\"36\" height=\"36\" viewBox=\"0 0 36 36\" fill=\"none\"><g clip-path=\"url(#clip0_270_2491)\"><path fill-rule=\"evenodd\" clip-rule=\"evenodd\" d=\"M18 0C27.9248 0 36 8.07525 36 18C36 27.9248 27.9248 36 18 36C8.07525 36 0 27.9248 0 18C0 8.07525 8.07525 0 18 0ZM29.2331 27.0002C26.5916 30.2902 22.5374 32.4 18 32.4C13.4625 32.4 9.40817 30.29 6.76676 26.9998C9.40819 23.7098 13.4624 21.6 17.9998 21.6C22.5373 21.6 26.5916 23.71 29.2331 27.0002ZM18 18C20.9824 18 23.4 15.5823 23.4 12.6C23.4 9.61767 20.9824 7.2 18 7.2C15.0177 7.2 12.6 9.61767 12.6 12.6C12.6 15.5823 15.0177 18 18 18Z\" fill=\"#1AA0FF\"><\/path><\/g><defs><clipPath id=\"clip0_270_2491\"><rect width=\"36\" height=\"36\" fill=\"white\"><\/rect><\/clipPath><\/defs><\/svg>\t\t\t\t\t\t<\/span>\n\t\t\t\t\t\t\t\t\t<\/a>\n\t\t\t\t\t\t\t<\/div>\n\t\t\t\t<\/div>\n\t\t\t\t<div class=\"elementor-element elementor-element-6b9fecf elementor-widget elementor-widget-hub_fancy_heading\" data-id=\"6b9fecf\" data-element_type=\"widget\" data-widget_type=\"hub_fancy_heading.default\">\n\t\t\t\t<div class=\"elementor-widget-container\">\n\t\t\t\t\t\n\t\t<div id=\"ld-fancy-heading-6a05bd8f88d9c\" class=\"ld-fancy-heading pos-rel\">\n\t\t\t<h1 class=\"ld-fh-element d-inline-block pos-rel  elementor-heading-title lqd-highlight-classic lqd-highlight-grow-left h1\"  data-inview=\"true\" data-transition-delay=\"true\" data-delay-options=\"{&quot;elements&quot;:&quot;.lqd-highlight-inner&quot;,&quot;delayType&quot;:&quot;transition&quot;}\" > <span class=\"lqd-adv-txt-item elementor-repeater-item-b206cdd\">Cr\u00e9ez\u00a0des\u00a0vid\u00e9os\u00a0de <BR><\/span><span class=\"lqd-adv-txt-item elementor-repeater-item-4b9b649\">qualit\u00e9\u00a0studio\u00a0avec\u00a0Avatar<\/span><\/h1>\t\t<\/div>\n\n\t\t\t\t\t\t<\/div>\n\t\t\t\t<\/div>\n\t\t\t\t<\/div>\n\t\t\t\t<div class=\"elementor-element elementor-element-3168d04 elementor-widget__width-initial elementor-widget-mobile__width-inherit elementor-widget elementor-widget-hub_fancy_heading\" data-id=\"3168d04\" data-element_type=\"widget\" data-widget_type=\"hub_fancy_heading.default\">\n\t\t\t\t<div class=\"elementor-widget-container\">\n\t\t\t\t\t\n\t\t<div id=\"ld-fancy-heading-6a05bd8f89091\" class=\"ld-fancy-heading pos-rel\">\n\t\t\t<p class=\"ld-fh-element d-inline-block pos-rel  lqd-highlight-classic lqd-highlight-grow-left p\"  > Add a professional touch to your videos with realistic avatars and voiceovers in over 130 languages. <div>&nbsp;<\/div>Easily create studio-quality videos and captivate a global audience.<\/p>\t\t<\/div>\n\n\t\t\t\t\t\t<\/div>\n\t\t\t\t<\/div>\n\t\t\t\t<\/div>\n\t\t\t\t\t<\/div>\n\t\t\t\t<\/div>\n\t\t<div class=\"elementor-element elementor-element-a5eaa3a e-flex e-con-boxed e-con e-parent\" data-id=\"a5eaa3a\" data-element_type=\"container\" data-settings=\"{&quot;background_background&quot;:&quot;classic&quot;}\">\n\t\t\t\t\t<div class=\"e-con-inner\">\n\t\t\t\t<div class=\"elementor-element elementor-element-19d2b20 elementor-absolute elementor-widget elementor-widget-ld_fancy_image\" data-id=\"19d2b20\" data-element_type=\"widget\" data-settings=\"{&quot;_position&quot;:&quot;absolute&quot;}\" data-widget_type=\"ld_fancy_image.default\">\n\t\t\t\t<div class=\"elementor-widget-container\">\n\t\t\t\t\t\n\t\t<div class=\"lqd-imggrp-single d-block pos-rel \">\n\t\t\t<div class=\"lqd-imggrp-img-container d-inline-flex pos-rel align-items-center justify-content-center \">\n\t\t\t\t\t\t\t\t<figure class=\"w-100 pos-rel\">\n\t\t\t\t\t<img fetchpriority=\"high\" decoding=\"async\" width=\"802\" height=\"137\" src=\"https:\/\/old.oupi.com\/wp-content\/uploads\/2025\/10\/Line.svg\" class=\"attachment-full size-full wp-image-183\" alt=\"Line\" itemprop=\"image\" \/>\t\t\t\t\t\t\t\t\t\t\t\t\t\t\t\t\t\t\t\t\t\t\t\t\t\t\t\t\t<\/figure>\n\t\t\t<\/div>\n\t\t<\/div>\n\n\t\t\t\t\t<\/div>\n\t\t\t\t<\/div>\n\t\t<div class=\"elementor-element elementor-element-68fa3ba e-con-full e-flex e-con e-child\" data-id=\"68fa3ba\" data-element_type=\"container\" data-settings=\"{&quot;background_background&quot;:&quot;classic&quot;}\">\n\t\t\t\t<div data-custom-animations=\"true\" data-ca-options=\"{&quot;addChildTimelines&quot;:false,&quot;trigger&quot;:&quot;firstChild&quot;,&quot;animationTarget&quot;:&quot;.lqd-split-lines .lqd-lines .split-inner, .lqd-adv-txt-fig&quot;,&quot;ease&quot;:[&quot;power4.out&quot;],&quot;initValues&quot;:{&quot;y&quot;:&quot;120px&quot;,&quot;scaleX&quot;:0,&quot;scaleY&quot;:0,&quot;opacity&quot;:0,&quot;transformOrigin&quot;:&quot;50% 50% 0px&quot;},&quot;animations&quot;:{&quot;y&quot;:&quot;0px&quot;,&quot;scaleX&quot;:1,&quot;scaleY&quot;:1,&quot;opacity&quot;:1,&quot;transformOrigin&quot;:&quot;50% 50% 0px&quot;}}\" class=\"elementor-element elementor-element-67b6994 elementor-widget elementor-widget-hub_fancy_heading lqd-el-has-inner-anim\" data-id=\"67b6994\" data-element_type=\"widget\" data-settings=\"{&quot;enable_split&quot;:&quot;true&quot;,&quot;split_type&quot;:&quot;lines&quot;}\" data-widget_type=\"hub_fancy_heading.default\">\n\t\t\t\t<div class=\"elementor-widget-container\">\n\t\t\t\t\t\n\t\t<div id=\"ld-fancy-heading-6a05bd8f8a160\" class=\"ld-fancy-heading pos-rel\">\n\t\t\t<span class=\"ld-fh-element d-inline-block pos-rel  lqd-highlight-classic lqd-highlight-grow-left lqd-split-lines span\"  data-split-text=\"true\" data-split-options='{\"type\":\"lines\"}'> Jane<\/span>\t\t<\/div>\n\n\t\t\t\t\t\t<\/div>\n\t\t\t\t<\/div>\n\t\t\t\t<div class=\"elementor-element elementor-element-fca16c4 elementor-widget elementor-widget-ld_fancy_image\" data-id=\"fca16c4\" data-element_type=\"widget\" data-widget_type=\"ld_fancy_image.default\">\n\t\t\t\t<div class=\"elementor-widget-container\">\n\t\t\t\t\t\n\t\t<div class=\"lqd-imggrp-single d-block pos-rel \">\n\t\t\t<div class=\"lqd-imggrp-img-container d-inline-flex pos-rel align-items-center justify-content-center \">\n\t\t\t\t\t\t\t\t<figure class=\"w-100 pos-rel\">\n\t\t\t\t\t<img decoding=\"async\" width=\"1000\" height=\"1148\" src=\"data:image\/svg+xml;charset=utf-8,%3Csvg xmlns%3D&#039;http%3A%2F%2Fwww.w3.org%2F2000%2Fsvg&#039; viewBox%3D&#039;0 0 1000 1148&#039;%2F%3E\" class=\"attachment-full size-full wp-image-1074 ld-lazyload\" alt=\"\" itemprop=\"image\" data-src=\"https:\/\/old.oupi.com\/wp-content\/uploads\/2025\/11\/portrait-asian-woman-white-t-shirt-isolated-white-background-2-1.png\" data-srcset=\"https:\/\/old.oupi.com\/wp-content\/uploads\/2025\/11\/portrait-asian-woman-white-t-shirt-isolated-white-background-2-1.png 1000w, https:\/\/old.oupi.com\/wp-content\/uploads\/2025\/11\/portrait-asian-woman-white-t-shirt-isolated-white-background-2-1-261x300.png 261w, https:\/\/old.oupi.com\/wp-content\/uploads\/2025\/11\/portrait-asian-woman-white-t-shirt-isolated-white-background-2-1-892x1024.png 892w\" data-sizes=\"(max-width: 1000px) 100vw, 1000px\" data-aspect=\"0.87108013937282\" \/>\t\t\t\t\t\t\t\t\t\t\t\t\t\t\t\t\t\t\t\t\t\t\t\t\t\t\t\t\t<\/figure>\n\t\t\t<\/div>\n\t\t<\/div>\n\n\t\t\t\t\t<\/div>\n\t\t\t\t<\/div>\n\t\t\t\t<\/div>\n\t\t<div class=\"elementor-element elementor-element-029e1a9 e-con-full e-flex e-con e-child\" data-id=\"029e1a9\" data-element_type=\"container\">\n\t\t\t\t<div data-custom-animations=\"true\" data-ca-options=\"{&quot;addChildTimelines&quot;:false,&quot;trigger&quot;:&quot;firstChild&quot;,&quot;animationTarget&quot;:&quot;.lqd-split-words .lqd-words .split-inner, .lqd-adv-txt-fig&quot;,&quot;duration&quot;:1000,&quot;delay&quot;:50,&quot;ease&quot;:[&quot;power4.out&quot;],&quot;initValues&quot;:{&quot;x&quot;:&quot;40px&quot;,&quot;opacity&quot;:0,&quot;transformOrigin&quot;:&quot;50% 50% 0px&quot;},&quot;animations&quot;:{&quot;x&quot;:&quot;0px&quot;,&quot;opacity&quot;:1,&quot;transformOrigin&quot;:&quot;50% 50% 0px&quot;}}\" class=\"elementor-element elementor-element-4515b0a elementor-widget elementor-widget-hub_fancy_heading lqd-el-has-inner-anim\" data-id=\"4515b0a\" data-element_type=\"widget\" data-settings=\"{&quot;enable_split&quot;:&quot;true&quot;,&quot;split_type&quot;:&quot;words&quot;}\" data-widget_type=\"hub_fancy_heading.default\">\n\t\t\t\t<div class=\"elementor-widget-container\">\n\t\t\t\t\t\n\t\t<div id=\"ld-fancy-heading-6a05bd8fb05d8\" class=\"ld-fancy-heading pos-rel\">\n\t\t\t<h2 class=\"ld-fh-element d-inline-block pos-rel  elementor-heading-title lqd-highlight-classic lqd-highlight-grow-left lqd-split-words h2\"  data-inview=\"true\" data-transition-delay=\"true\" data-delay-options=\"{&quot;elements&quot;:&quot;.lqd-highlight-inner&quot;,&quot;delayType&quot;:&quot;transition&quot;}\" data-split-text=\"true\" data-split-options='{\"type\":\"words\"}'> <span class=\"lqd-adv-txt-item elementor-repeater-item-65fab04\">Cr\u00e9ez des avatars<br><\/span><span class=\"lqd-adv-txt-item elementor-repeater-item-7b085e3\">num\u00e9riques ultra r\u00e9alistes<\/span><\/h2>\t\t<\/div>\n\n\t\t\t\t\t\t<\/div>\n\t\t\t\t<\/div>\n\t\t\t\t<div data-custom-animations=\"true\" data-ca-options=\"{&quot;addChildTimelines&quot;:false,&quot;trigger&quot;:&quot;firstChild&quot;,&quot;animationTarget&quot;:&quot;.lqd-split-lines .lqd-lines .split-inner, .lqd-adv-txt-fig&quot;,&quot;duration&quot;:1000,&quot;startDelay&quot;:600,&quot;delay&quot;:50,&quot;ease&quot;:[&quot;power4.out&quot;],&quot;initValues&quot;:{&quot;y&quot;:&quot;30px&quot;,&quot;transformOrigin&quot;:&quot;50% 50% 0px&quot;},&quot;animations&quot;:{&quot;y&quot;:&quot;0px&quot;,&quot;transformOrigin&quot;:&quot;50% 50% 0px&quot;}}\" class=\"elementor-element elementor-element-b749dfe elementor-widget elementor-widget-hub_fancy_heading lqd-el-has-inner-anim\" data-id=\"b749dfe\" data-element_type=\"widget\" data-settings=\"{&quot;enable_split&quot;:&quot;true&quot;,&quot;split_type&quot;:&quot;lines&quot;}\" data-widget_type=\"hub_fancy_heading.default\">\n\t\t\t\t<div class=\"elementor-widget-container\">\n\t\t\t\t\t\n\t\t<div id=\"ld-fancy-heading-6a05bd8fb0826\" class=\"ld-fancy-heading pos-rel mask-text\">\n\t\t\t<p class=\"ld-fh-element d-inline-block pos-rel  lqd-highlight-classic lqd-highlight-grow-left lqd-split-lines p\"  data-split-text=\"true\" data-split-options='{\"type\":\"lines\"}'> <div>Utilize the Avatar feature to infuse a professional and personalized dimension into your videos. <\/div>\n<div>&nbsp;<\/div>\nCreate studio-quality videos with realistic avatars and voiceovers available in over 130 languages.\n<div>&nbsp;<\/div>\nThe <b>simplicity<\/b> of the tool allows you to access a level of sophistication previously reserved for companies with substantial budgets.\n<div>&nbsp;<\/div>\nSimilar to <b>creating a presentation, craft your videos efficiently and naturally<\/b>, while opening up a world of transmedia possibilities to captivate a diverse global audience.<\/p>\t\t<\/div>\n\n\t\t\t\t\t\t<\/div>\n\t\t\t\t<\/div>\n\t\t\t\t<\/div>\n\t\t\t\t\t<\/div>\n\t\t\t\t<\/div>\n\t\t\t\t<\/div>\n\t\t","protected":false},"excerpt":{"rendered":"<p>Cr\u00e9ez\u00a0des\u00a0vid\u00e9os\u00a0de qualit\u00e9\u00a0studio\u00a0avec\u00a0Avatar Add a professional touch to your videos with realistic avatars and voiceovers in over 130 languages. &nbsp;Easily create studio-quality videos and captivate a global audience. Jane Cr\u00e9ez des avatarsnum\u00e9riques ultra r\u00e9alistes Utilize the Avatar feature to infuse a professional and personalized dimension into your videos. &nbsp; Create studio-quality videos with realistic avatars and [&hellip;]<\/p>\n","protected":false},"author":2,"featured_media":0,"parent":0,"menu_order":0,"comment_status":"closed","ping_status":"closed","template":"","meta":{"footnotes":""},"class_list":["post-3926","page","type-page","status-publish","hentry"],"yoast_head":"<!-- This site is optimized with the Yoast SEO Premium plugin v26.6 (Yoast SEO v26.6) - https:\/\/yoast.com\/wordpress\/plugins\/seo\/ -->\n<title>Avatar - Oupi<\/title>\n<meta name=\"description\" content=\"Avatar Oupi -\" \/>\n<meta name=\"robots\" content=\"noindex, follow, max-snippet:-1, max-image-preview:large, max-video-preview:-1\" \/>\n<meta property=\"og:locale\" content=\"en_US\" \/>\n<meta property=\"og:type\" content=\"article\" \/>\n<meta property=\"og:title\" content=\"Avatar Oupi\" \/>\n<meta property=\"og:description\" content=\"Avatar Oupi\" \/>\n<meta property=\"og:url\" content=\"https:\/\/old.oupi.com\/en\/avatar\/\" \/>\n<meta property=\"og:site_name\" content=\"Oupi\" \/>\n<meta property=\"article:publisher\" content=\"https:\/\/www.facebook.com\/oupiai\" \/>\n<meta property=\"article:modified_time\" content=\"2025-11-21T16:42:09+00:00\" \/>\n<meta name=\"twitter:card\" content=\"summary_large_image\" \/>\n<meta name=\"twitter:site\" content=\"@oupi_ai\" \/>\n<meta name=\"twitter:label1\" content=\"Est. reading time\" \/>\n\t<meta name=\"twitter:data1\" content=\"1 minute\" \/>\n<script type=\"application\/ld+json\" class=\"yoast-schema-graph\">{\"@context\":\"https:\/\/schema.org\",\"@graph\":[{\"@type\":\"WebPage\",\"@id\":\"https:\/\/old.oupi.com\/en\/avatar\/\",\"url\":\"https:\/\/old.oupi.com\/en\/avatar\/\",\"name\":\"Avatar - Oupi\",\"isPartOf\":{\"@id\":\"https:\/\/old.oupi.com\/en\/#website\"},\"primaryImageOfPage\":{\"@id\":\"https:\/\/old.oupi.com\/en\/avatar\/#primaryimage\"},\"image\":{\"@id\":\"https:\/\/old.oupi.com\/en\/avatar\/#primaryimage\"},\"thumbnailUrl\":\"https:\/\/old.oupi.com\/wp-content\/uploads\/2025\/10\/Line.svg\",\"datePublished\":\"2025-11-06T08:46:25+00:00\",\"dateModified\":\"2025-11-21T16:42:09+00:00\",\"description\":\"Avatar Oupi -\",\"breadcrumb\":{\"@id\":\"https:\/\/old.oupi.com\/en\/avatar\/#breadcrumb\"},\"inLanguage\":\"en-US\",\"potentialAction\":[{\"@type\":\"ReadAction\",\"target\":[\"https:\/\/old.oupi.com\/en\/avatar\/\"]}]},{\"@type\":\"ImageObject\",\"inLanguage\":\"en-US\",\"@id\":\"https:\/\/old.oupi.com\/en\/avatar\/#primaryimage\",\"url\":\"https:\/\/old.oupi.com\/wp-content\/uploads\/2025\/10\/Line.svg\",\"contentUrl\":\"https:\/\/old.oupi.com\/wp-content\/uploads\/2025\/10\/Line.svg\"},{\"@type\":\"BreadcrumbList\",\"@id\":\"https:\/\/old.oupi.com\/en\/avatar\/#breadcrumb\",\"itemListElement\":[{\"@type\":\"ListItem\",\"position\":1,\"name\":\"Accueil\",\"item\":\"https:\/\/old.oupi.com\/en\/homepage\/\"},{\"@type\":\"ListItem\",\"position\":2,\"name\":\"Avatar\"}]},{\"@type\":\"WebSite\",\"@id\":\"https:\/\/old.oupi.com\/en\/#website\",\"url\":\"https:\/\/old.oupi.com\/en\/\",\"name\":\"Oupi\",\"description\":\"Universal AI\",\"publisher\":{\"@id\":\"https:\/\/old.oupi.com\/en\/#organization\"},\"potentialAction\":[{\"@type\":\"SearchAction\",\"target\":{\"@type\":\"EntryPoint\",\"urlTemplate\":\"https:\/\/old.oupi.com\/en\/?s={search_term_string}\"},\"query-input\":{\"@type\":\"PropertyValueSpecification\",\"valueRequired\":true,\"valueName\":\"search_term_string\"}}],\"inLanguage\":\"en-US\"},{\"@type\":\"Organization\",\"@id\":\"https:\/\/old.oupi.com\/en\/#organization\",\"name\":\"Oupi\",\"url\":\"https:\/\/old.oupi.com\/en\/\",\"logo\":{\"@type\":\"ImageObject\",\"inLanguage\":\"en-US\",\"@id\":\"https:\/\/old.oupi.com\/en\/#\/schema\/logo\/image\/\",\"url\":\"https:\/\/old.oupi.com\/wp-content\/uploads\/2025\/10\/logo-oupi-1.svg\",\"contentUrl\":\"https:\/\/old.oupi.com\/wp-content\/uploads\/2025\/10\/logo-oupi-1.svg\",\"width\":700,\"height\":300,\"caption\":\"Oupi\"},\"image\":{\"@id\":\"https:\/\/old.oupi.com\/en\/#\/schema\/logo\/image\/\"},\"sameAs\":[\"https:\/\/www.facebook.com\/oupiai\",\"https:\/\/x.com\/oupi_ai\",\"https:\/\/www.instagram.com\/oupi.ai\/\",\"https:\/\/www.youtube.com\/@oupi_ai\",\"https:\/\/www.linkedin.com\/company\/oupi-technologies\/\"]}]}<\/script>\n<!-- \/ Yoast SEO Premium plugin. -->","yoast_head_json":{"title":"Avatar - Oupi","description":"Avatar Oupi -","robots":{"index":"noindex","follow":"follow","max-snippet":"max-snippet:-1","max-image-preview":"max-image-preview:large","max-video-preview":"max-video-preview:-1"},"og_locale":"en_US","og_type":"article","og_title":"Avatar Oupi","og_description":"Avatar Oupi","og_url":"https:\/\/old.oupi.com\/en\/avatar\/","og_site_name":"Oupi","article_publisher":"https:\/\/www.facebook.com\/oupiai","article_modified_time":"2025-11-21T16:42:09+00:00","twitter_card":"summary_large_image","twitter_site":"@oupi_ai","twitter_misc":{"Est. reading time":"1 minute"},"schema":{"@context":"https:\/\/schema.org","@graph":[{"@type":"WebPage","@id":"https:\/\/old.oupi.com\/en\/avatar\/","url":"https:\/\/old.oupi.com\/en\/avatar\/","name":"Avatar - Oupi","isPartOf":{"@id":"https:\/\/old.oupi.com\/en\/#website"},"primaryImageOfPage":{"@id":"https:\/\/old.oupi.com\/en\/avatar\/#primaryimage"},"image":{"@id":"https:\/\/old.oupi.com\/en\/avatar\/#primaryimage"},"thumbnailUrl":"https:\/\/old.oupi.com\/wp-content\/uploads\/2025\/10\/Line.svg","datePublished":"2025-11-06T08:46:25+00:00","dateModified":"2025-11-21T16:42:09+00:00","description":"Avatar Oupi -","breadcrumb":{"@id":"https:\/\/old.oupi.com\/en\/avatar\/#breadcrumb"},"inLanguage":"en-US","potentialAction":[{"@type":"ReadAction","target":["https:\/\/old.oupi.com\/en\/avatar\/"]}]},{"@type":"ImageObject","inLanguage":"en-US","@id":"https:\/\/old.oupi.com\/en\/avatar\/#primaryimage","url":"https:\/\/old.oupi.com\/wp-content\/uploads\/2025\/10\/Line.svg","contentUrl":"https:\/\/old.oupi.com\/wp-content\/uploads\/2025\/10\/Line.svg"},{"@type":"BreadcrumbList","@id":"https:\/\/old.oupi.com\/en\/avatar\/#breadcrumb","itemListElement":[{"@type":"ListItem","position":1,"name":"Accueil","item":"https:\/\/old.oupi.com\/en\/homepage\/"},{"@type":"ListItem","position":2,"name":"Avatar"}]},{"@type":"WebSite","@id":"https:\/\/old.oupi.com\/en\/#website","url":"https:\/\/old.oupi.com\/en\/","name":"Oupi","description":"Universal AI","publisher":{"@id":"https:\/\/old.oupi.com\/en\/#organization"},"potentialAction":[{"@type":"SearchAction","target":{"@type":"EntryPoint","urlTemplate":"https:\/\/old.oupi.com\/en\/?s={search_term_string}"},"query-input":{"@type":"PropertyValueSpecification","valueRequired":true,"valueName":"search_term_string"}}],"inLanguage":"en-US"},{"@type":"Organization","@id":"https:\/\/old.oupi.com\/en\/#organization","name":"Oupi","url":"https:\/\/old.oupi.com\/en\/","logo":{"@type":"ImageObject","inLanguage":"en-US","@id":"https:\/\/old.oupi.com\/en\/#\/schema\/logo\/image\/","url":"https:\/\/old.oupi.com\/wp-content\/uploads\/2025\/10\/logo-oupi-1.svg","contentUrl":"https:\/\/old.oupi.com\/wp-content\/uploads\/2025\/10\/logo-oupi-1.svg","width":700,"height":300,"caption":"Oupi"},"image":{"@id":"https:\/\/old.oupi.com\/en\/#\/schema\/logo\/image\/"},"sameAs":["https:\/\/www.facebook.com\/oupiai","https:\/\/x.com\/oupi_ai","https:\/\/www.instagram.com\/oupi.ai\/","https:\/\/www.youtube.com\/@oupi_ai","https:\/\/www.linkedin.com\/company\/oupi-technologies\/"]}]}},"_links":{"self":[{"href":"https:\/\/old.oupi.com\/en\/wp-json\/wp\/v2\/pages\/3926","targetHints":{"allow":["GET"]}}],"collection":[{"href":"https:\/\/old.oupi.com\/en\/wp-json\/wp\/v2\/pages"}],"about":[{"href":"https:\/\/old.oupi.com\/en\/wp-json\/wp\/v2\/types\/page"}],"author":[{"embeddable":true,"href":"https:\/\/old.oupi.com\/en\/wp-json\/wp\/v2\/users\/2"}],"replies":[{"embeddable":true,"href":"https:\/\/old.oupi.com\/en\/wp-json\/wp\/v2\/comments?post=3926"}],"version-history":[{"count":1,"href":"https:\/\/old.oupi.com\/en\/wp-json\/wp\/v2\/pages\/3926\/revisions"}],"predecessor-version":[{"id":3931,"href":"https:\/\/old.oupi.com\/en\/wp-json\/wp\/v2\/pages\/3926\/revisions\/3931"}],"wp:attachment":[{"href":"https:\/\/old.oupi.com\/en\/wp-json\/wp\/v2\/media?parent=3926"}],"curies":[{"name":"wp","href":"https:\/\/api.w.org\/{rel}","templated":true}]}}